{"id":6,"date":"2021-04-01T13:35:14","date_gmt":"2021-04-01T11:35:14","guid":{"rendered":"https:\/\/kiefheim.de\/blog\/?page_id=6"},"modified":"2024-08-20T17:24:25","modified_gmt":"2024-08-20T15:24:25","slug":"6-2","status":"publish","type":"page","link":"https:\/\/kiefheim.de\/blog\/","title":{"rendered":""},"content":{"rendered":"<h2 class=\"entry-title\"><span style=\"color: #000000;\">Kiefheim bloggt.<\/span><\/h2>\n<p>&nbsp;<\/p>\n<p class=\"byline\"><strong>Katja Heimann-Kiefer schreibt \u00fcber \u00dcbersetzen, Sprache und Text. Und \u00fcber den ganzen Rest.<\/strong><\/p>\n<p><img loading=\"lazy\" decoding=\"async\" class=\"alignleft wp-image-378\" src=\"https:\/\/kiefheim.de\/blog\/wp-content\/uploads\/2021\/04\/strich_hintergrund.png\" alt=\"\" width=\"1420\" height=\"34\" srcset=\"https:\/\/kiefheim.de\/blog\/wp-content\/uploads\/2021\/04\/strich_hintergrund.png 1004w, https:\/\/kiefheim.de\/blog\/wp-content\/uploads\/2021\/04\/strich_hintergrund-300x7.png 300w, https:\/\/kiefheim.de\/blog\/wp-content\/uploads\/2021\/04\/strich_hintergrund-768x18.png 768w, https:\/\/kiefheim.de\/blog\/wp-content\/uploads\/2021\/04\/strich_hintergrund-495x12.png 495w\" sizes=\"auto, (max-width: 1420px) 100vw, 1420px\" \/><\/p>\n","protected":false},"excerpt":{"rendered":"<p>Kiefheim bloggt. &nbsp; Katja Heimann-Kiefer schreibt \u00fcber \u00dcbersetzen, Sprache und Text. Und \u00fcber den ganzen Rest.<\/p>\n","protected":false},"author":2,"featured_media":0,"parent":0,"menu_order":0,"comment_status":"closed","ping_status":"closed","template":"","meta":{"footnotes":""},"class_list":["post-6","page","type-page","status-publish","hentry"],"yoast_head":"<!-- This site is optimized with the Yoast SEO plugin v27.4 - https:\/\/yoast.com\/product\/yoast-seo-wordpress\/ -->\n<title>&#8211; Kiefheim bloggt.<\/title>\n<meta name=\"description\" content=\"Katja Heimann-Kiefer schreibt im Kiefheim-Blog \u00fcber Text, Sprache und \u00dcbersetzen, Lesen und Vorlesen ... und den Rest des Lebens.\" \/>\n<meta name=\"robots\" content=\"index, follow, max-snippet:-1, max-image-preview:large, max-video-preview:-1\" \/>\n<link rel=\"canonical\" href=\"https:\/\/kiefheim.de\/blog\/\" \/>\n<script type=\"application\/ld+json\" class=\"yoast-schema-graph\">{\"@context\":\"https:\\\/\\\/schema.org\",\"@graph\":[{\"@type\":\"WebPage\",\"@id\":\"https:\\\/\\\/kiefheim.de\\\/blog\\\/\",\"url\":\"https:\\\/\\\/kiefheim.de\\\/blog\\\/\",\"name\":\"&#8211; Kiefheim bloggt.\",\"isPartOf\":{\"@id\":\"https:\\\/\\\/kiefheim.de\\\/blog\\\/#website\"},\"primaryImageOfPage\":{\"@id\":\"https:\\\/\\\/kiefheim.de\\\/blog\\\/#primaryimage\"},\"image\":{\"@id\":\"https:\\\/\\\/kiefheim.de\\\/blog\\\/#primaryimage\"},\"thumbnailUrl\":\"https:\\\/\\\/kiefheim.de\\\/blog\\\/wp-content\\\/uploads\\\/2021\\\/04\\\/strich_hintergrund.png\",\"datePublished\":\"2021-04-01T11:35:14+00:00\",\"dateModified\":\"2024-08-20T15:24:25+00:00\",\"description\":\"Katja Heimann-Kiefer schreibt im Kiefheim-Blog \u00fcber Text, Sprache und \u00dcbersetzen, Lesen und Vorlesen ... und den Rest des Lebens.\",\"inLanguage\":\"de\",\"potentialAction\":[{\"@type\":\"ReadAction\",\"target\":[\"https:\\\/\\\/kiefheim.de\\\/blog\\\/\"]}]},{\"@type\":\"ImageObject\",\"inLanguage\":\"de\",\"@id\":\"https:\\\/\\\/kiefheim.de\\\/blog\\\/#primaryimage\",\"url\":\"https:\\\/\\\/kiefheim.de\\\/blog\\\/wp-content\\\/uploads\\\/2021\\\/04\\\/strich_hintergrund.png\",\"contentUrl\":\"https:\\\/\\\/kiefheim.de\\\/blog\\\/wp-content\\\/uploads\\\/2021\\\/04\\\/strich_hintergrund.png\",\"width\":1004,\"height\":24},{\"@type\":\"WebSite\",\"@id\":\"https:\\\/\\\/kiefheim.de\\\/blog\\\/#website\",\"url\":\"https:\\\/\\\/kiefheim.de\\\/blog\\\/\",\"name\":\"Kiefheim bloggt.\",\"description\":\"Katja Heimann-Kiefer schreibt \u00fcber \u00dcbersetzen, Sprache und Text. Und \u00fcber den ganzen Rest.\",\"publisher\":{\"@id\":\"https:\\\/\\\/kiefheim.de\\\/blog\\\/#organization\"},\"potentialAction\":[{\"@type\":\"SearchAction\",\"target\":{\"@type\":\"EntryPoint\",\"urlTemplate\":\"https:\\\/\\\/kiefheim.de\\\/blog\\\/?s={search_term_string}\"},\"query-input\":{\"@type\":\"PropertyValueSpecification\",\"valueRequired\":true,\"valueName\":\"search_term_string\"}}],\"inLanguage\":\"de\"},{\"@type\":\"Organization\",\"@id\":\"https:\\\/\\\/kiefheim.de\\\/blog\\\/#organization\",\"name\":\"Kiefheim\",\"url\":\"https:\\\/\\\/kiefheim.de\\\/blog\\\/\",\"logo\":{\"@type\":\"ImageObject\",\"inLanguage\":\"de\",\"@id\":\"https:\\\/\\\/kiefheim.de\\\/blog\\\/#\\\/schema\\\/logo\\\/image\\\/\",\"url\":\"https:\\\/\\\/kiefheim.de\\\/blog\\\/wp-content\\\/uploads\\\/2021\\\/04\\\/Kiefheim2019.png\",\"contentUrl\":\"https:\\\/\\\/kiefheim.de\\\/blog\\\/wp-content\\\/uploads\\\/2021\\\/04\\\/Kiefheim2019.png\",\"width\":800,\"height\":334,\"caption\":\"Kiefheim\"},\"image\":{\"@id\":\"https:\\\/\\\/kiefheim.de\\\/blog\\\/#\\\/schema\\\/logo\\\/image\\\/\"}}]}<\/script>\n<!-- \/ Yoast SEO plugin. -->","yoast_head_json":{"title":"&#8211; Kiefheim bloggt.","description":"Katja Heimann-Kiefer schreibt im Kiefheim-Blog \u00fcber Text, Sprache und \u00dcbersetzen, Lesen und Vorlesen ... und den Rest des Lebens.","robots":{"index":"index","follow":"follow","max-snippet":"max-snippet:-1","max-image-preview":"max-image-preview:large","max-video-preview":"max-video-preview:-1"},"canonical":"https:\/\/kiefheim.de\/blog\/","schema":{"@context":"https:\/\/schema.org","@graph":[{"@type":"WebPage","@id":"https:\/\/kiefheim.de\/blog\/","url":"https:\/\/kiefheim.de\/blog\/","name":"&#8211; Kiefheim bloggt.","isPartOf":{"@id":"https:\/\/kiefheim.de\/blog\/#website"},"primaryImageOfPage":{"@id":"https:\/\/kiefheim.de\/blog\/#primaryimage"},"image":{"@id":"https:\/\/kiefheim.de\/blog\/#primaryimage"},"thumbnailUrl":"https:\/\/kiefheim.de\/blog\/wp-content\/uploads\/2021\/04\/strich_hintergrund.png","datePublished":"2021-04-01T11:35:14+00:00","dateModified":"2024-08-20T15:24:25+00:00","description":"Katja Heimann-Kiefer schreibt im Kiefheim-Blog \u00fcber Text, Sprache und \u00dcbersetzen, Lesen und Vorlesen ... und den Rest des Lebens.","inLanguage":"de","potentialAction":[{"@type":"ReadAction","target":["https:\/\/kiefheim.de\/blog\/"]}]},{"@type":"ImageObject","inLanguage":"de","@id":"https:\/\/kiefheim.de\/blog\/#primaryimage","url":"https:\/\/kiefheim.de\/blog\/wp-content\/uploads\/2021\/04\/strich_hintergrund.png","contentUrl":"https:\/\/kiefheim.de\/blog\/wp-content\/uploads\/2021\/04\/strich_hintergrund.png","width":1004,"height":24},{"@type":"WebSite","@id":"https:\/\/kiefheim.de\/blog\/#website","url":"https:\/\/kiefheim.de\/blog\/","name":"Kiefheim bloggt.","description":"Katja Heimann-Kiefer schreibt \u00fcber \u00dcbersetzen, Sprache und Text. Und \u00fcber den ganzen Rest.","publisher":{"@id":"https:\/\/kiefheim.de\/blog\/#organization"},"potentialAction":[{"@type":"SearchAction","target":{"@type":"EntryPoint","urlTemplate":"https:\/\/kiefheim.de\/blog\/?s={search_term_string}"},"query-input":{"@type":"PropertyValueSpecification","valueRequired":true,"valueName":"search_term_string"}}],"inLanguage":"de"},{"@type":"Organization","@id":"https:\/\/kiefheim.de\/blog\/#organization","name":"Kiefheim","url":"https:\/\/kiefheim.de\/blog\/","logo":{"@type":"ImageObject","inLanguage":"de","@id":"https:\/\/kiefheim.de\/blog\/#\/schema\/logo\/image\/","url":"https:\/\/kiefheim.de\/blog\/wp-content\/uploads\/2021\/04\/Kiefheim2019.png","contentUrl":"https:\/\/kiefheim.de\/blog\/wp-content\/uploads\/2021\/04\/Kiefheim2019.png","width":800,"height":334,"caption":"Kiefheim"},"image":{"@id":"https:\/\/kiefheim.de\/blog\/#\/schema\/logo\/image\/"}}]}},"_links":{"self":[{"href":"https:\/\/kiefheim.de\/blog\/wp-json\/wp\/v2\/pages\/6","targetHints":{"allow":["GET"]}}],"collection":[{"href":"https:\/\/kiefheim.de\/blog\/wp-json\/wp\/v2\/pages"}],"about":[{"href":"https:\/\/kiefheim.de\/blog\/wp-json\/wp\/v2\/types\/page"}],"author":[{"embeddable":true,"href":"https:\/\/kiefheim.de\/blog\/wp-json\/wp\/v2\/users\/2"}],"replies":[{"embeddable":true,"href":"https:\/\/kiefheim.de\/blog\/wp-json\/wp\/v2\/comments?post=6"}],"version-history":[{"count":81,"href":"https:\/\/kiefheim.de\/blog\/wp-json\/wp\/v2\/pages\/6\/revisions"}],"predecessor-version":[{"id":1548,"href":"https:\/\/kiefheim.de\/blog\/wp-json\/wp\/v2\/pages\/6\/revisions\/1548"}],"wp:attachment":[{"href":"https:\/\/kiefheim.de\/blog\/wp-json\/wp\/v2\/media?parent=6"}],"curies":[{"name":"wp","href":"https:\/\/api.w.org\/{rel}","templated":true}]}}